{"id":433,"date":"2017-10-23T18:40:43","date_gmt":"2017-10-23T16:40:43","guid":{"rendered":"https:\/\/www.konsummarkt.com\/?page_id=433"},"modified":"2018-08-01T11:42:07","modified_gmt":"2018-08-01T09:42:07","slug":"soci","status":"publish","type":"page","link":"https:\/\/www.konsummarkt.com\/it\/il-negozio\/soci\/","title":{"rendered":"Soci"},"content":{"rendered":"<h2>Come diventare socio<\/h2>\n<div><\/div>\n<div>La societ\u00e0 cooperativa di consumo di Castelrotto conta ormai pi\u00f9 di 500 soci che costituiscono la base della nostra cooperativa. Hanno la possibilit\u00e0 di compartecipazione e fanno parte della cooperativa. Cittadini residenti ed aziende con la sede legale nel Comune di Castelrotto (o in uno dei comuni limitrofi) possono chiedere di essere ammessi quali soci della societ\u00e0 cooperativa di consumo di Castelrotto. La quota sociale \u00e8 di 25,82\u20ac e viene restituita nel caso di un recesso dalla nostra cooperativa. I nostri soci godono dei vantaggi seguenti:<\/div>\n<div><\/div>\n<div>&#8211; possibilit\u00e0 di compartecipazione;<\/div>\n<div>&#8211; \u00a0diritto di voto del consiglio di amministrazione;<\/div>\n<div>&#8211; provvigione percentuale sulle vendite in caso di un eccellente risultato dell\u2019esercizio;<\/div>\n<div>&#8211; offerte riservate esclusivamente ai nostri soci.<\/div>\n<div><\/div>\n<div>Per ulteriori informazioni La preghiamo di rivolgersi all\u2019amministratrice. I documenti necessari per la domanda di ammissione possono essere scaricati qui e devono poi essere consegnati nell\u2019ufficio dell\u2019amministratrice:<\/div>\n<div><\/div>\n<div><strong><a href=\"https:\/\/www.konsummarkt.com\/wp-content\/uploads\/2018\/08\/2018-Beitrittserkl\u00e4rung-Datenschutz-NEU.pdf\">Domanda di ammissione e modulo relativo alla riservatezza dei dati personali<\/a><\/strong><\/div>\n<div><\/div>\n","protected":false},"excerpt":{"rendered":"<p>Come diventare socio La societ\u00e0 cooperativa di consumo di Castelrotto conta ormai pi\u00f9 di 500 soci che costituiscono la base della nostra cooperativa. Hanno la possibilit\u00e0 di compartecipazione e fanno parte della cooperativa. Cittadini residenti ed aziende con la sede legale nel Comune di Castelrotto (o in uno dei comuni limitrofi) possono chiedere di essere [&hellip;]<\/p>\n","protected":false},"author":4,"featured_media":0,"parent":356,"menu_order":0,"comment_status":"closed","ping_status":"closed","template":"","meta":{"_acf_changed":false,"footnotes":""},"class_list":["post-433","page","type-page","status-publish","hentry"],"acf":[],"yoast_head":"<!-- This site is optimized with the Yoast SEO plugin v26.6 - https:\/\/yoast.com\/wordpress\/plugins\/seo\/ -->\n<title>Soci - Konsummarkt<\/title>\n<meta name=\"robots\" content=\"index, follow, max-snippet:-1, max-image-preview:large, max-video-preview:-1\" \/>\n<link rel=\"canonical\" href=\"https:\/\/www.konsummarkt.com\/it\/il-negozio\/soci\/\" \/>\n<meta property=\"og:locale\" content=\"it_IT\" \/>\n<meta property=\"og:type\" content=\"article\" \/>\n<meta property=\"og:title\" content=\"Soci - Konsummarkt\" \/>\n<meta property=\"og:description\" content=\"Come diventare socio La societ\u00e0 cooperativa di consumo di Castelrotto conta ormai pi\u00f9 di 500 soci che costituiscono la base della nostra cooperativa. Hanno la possibilit\u00e0 di compartecipazione e fanno parte della cooperativa. Cittadini residenti ed aziende con la sede legale nel Comune di Castelrotto (o in uno dei comuni limitrofi) possono chiedere di essere [&hellip;]\" \/>\n<meta property=\"og:url\" content=\"https:\/\/www.konsummarkt.com\/it\/il-negozio\/soci\/\" \/>\n<meta property=\"og:site_name\" content=\"Konsummarkt\" \/>\n<meta property=\"article:modified_time\" content=\"2018-08-01T09:42:07+00:00\" \/>\n<meta name=\"twitter:card\" content=\"summary_large_image\" \/>\n<meta name=\"twitter:label1\" content=\"Tempo di lettura stimato\" \/>\n\t<meta name=\"twitter:data1\" content=\"1 minuto\" \/>\n<script type=\"application\/ld+json\" class=\"yoast-schema-graph\">{\"@context\":\"https:\/\/schema.org\",\"@graph\":[{\"@type\":\"WebPage\",\"@id\":\"https:\/\/www.konsummarkt.com\/it\/il-negozio\/soci\/\",\"url\":\"https:\/\/www.konsummarkt.com\/it\/il-negozio\/soci\/\",\"name\":\"Soci - Konsummarkt\",\"isPartOf\":{\"@id\":\"https:\/\/www.konsummarkt.com\/it\/#website\"},\"datePublished\":\"2017-10-23T16:40:43+00:00\",\"dateModified\":\"2018-08-01T09:42:07+00:00\",\"breadcrumb\":{\"@id\":\"https:\/\/www.konsummarkt.com\/it\/il-negozio\/soci\/#breadcrumb\"},\"inLanguage\":\"it-IT\",\"potentialAction\":[{\"@type\":\"ReadAction\",\"target\":[\"https:\/\/www.konsummarkt.com\/it\/il-negozio\/soci\/\"]}]},{\"@type\":\"BreadcrumbList\",\"@id\":\"https:\/\/www.konsummarkt.com\/it\/il-negozio\/soci\/#breadcrumb\",\"itemListElement\":[{\"@type\":\"ListItem\",\"position\":1,\"name\":\"Startseite\",\"item\":\"https:\/\/www.konsummarkt.com\/it\/\"},{\"@type\":\"ListItem\",\"position\":2,\"name\":\"Il negozio\",\"item\":\"https:\/\/www.konsummarkt.com\/it\/il-negozio\/\"},{\"@type\":\"ListItem\",\"position\":3,\"name\":\"Soci\"}]},{\"@type\":\"WebSite\",\"@id\":\"https:\/\/www.konsummarkt.com\/it\/#website\",\"url\":\"https:\/\/www.konsummarkt.com\/it\/\",\"name\":\"Konsummarkt\",\"description\":\"\",\"potentialAction\":[{\"@type\":\"SearchAction\",\"target\":{\"@type\":\"EntryPoint\",\"urlTemplate\":\"https:\/\/www.konsummarkt.com\/it\/?s={search_term_string}\"},\"query-input\":{\"@type\":\"PropertyValueSpecification\",\"valueRequired\":true,\"valueName\":\"search_term_string\"}}],\"inLanguage\":\"it-IT\"}]}<\/script>\n<!-- \/ Yoast SEO plugin. -->","yoast_head_json":{"title":"Soci - Konsummarkt","robots":{"index":"index","follow":"follow","max-snippet":"max-snippet:-1","max-image-preview":"max-image-preview:large","max-video-preview":"max-video-preview:-1"},"canonical":"https:\/\/www.konsummarkt.com\/it\/il-negozio\/soci\/","og_locale":"it_IT","og_type":"article","og_title":"Soci - Konsummarkt","og_description":"Come diventare socio La societ\u00e0 cooperativa di consumo di Castelrotto conta ormai pi\u00f9 di 500 soci che costituiscono la base della nostra cooperativa. Hanno la possibilit\u00e0 di compartecipazione e fanno parte della cooperativa. Cittadini residenti ed aziende con la sede legale nel Comune di Castelrotto (o in uno dei comuni limitrofi) possono chiedere di essere [&hellip;]","og_url":"https:\/\/www.konsummarkt.com\/it\/il-negozio\/soci\/","og_site_name":"Konsummarkt","article_modified_time":"2018-08-01T09:42:07+00:00","twitter_card":"summary_large_image","twitter_misc":{"Tempo di lettura stimato":"1 minuto"},"schema":{"@context":"https:\/\/schema.org","@graph":[{"@type":"WebPage","@id":"https:\/\/www.konsummarkt.com\/it\/il-negozio\/soci\/","url":"https:\/\/www.konsummarkt.com\/it\/il-negozio\/soci\/","name":"Soci - Konsummarkt","isPartOf":{"@id":"https:\/\/www.konsummarkt.com\/it\/#website"},"datePublished":"2017-10-23T16:40:43+00:00","dateModified":"2018-08-01T09:42:07+00:00","breadcrumb":{"@id":"https:\/\/www.konsummarkt.com\/it\/il-negozio\/soci\/#breadcrumb"},"inLanguage":"it-IT","potentialAction":[{"@type":"ReadAction","target":["https:\/\/www.konsummarkt.com\/it\/il-negozio\/soci\/"]}]},{"@type":"BreadcrumbList","@id":"https:\/\/www.konsummarkt.com\/it\/il-negozio\/soci\/#breadcrumb","itemListElement":[{"@type":"ListItem","position":1,"name":"Startseite","item":"https:\/\/www.konsummarkt.com\/it\/"},{"@type":"ListItem","position":2,"name":"Il negozio","item":"https:\/\/www.konsummarkt.com\/it\/il-negozio\/"},{"@type":"ListItem","position":3,"name":"Soci"}]},{"@type":"WebSite","@id":"https:\/\/www.konsummarkt.com\/it\/#website","url":"https:\/\/www.konsummarkt.com\/it\/","name":"Konsummarkt","description":"","potentialAction":[{"@type":"SearchAction","target":{"@type":"EntryPoint","urlTemplate":"https:\/\/www.konsummarkt.com\/it\/?s={search_term_string}"},"query-input":{"@type":"PropertyValueSpecification","valueRequired":true,"valueName":"search_term_string"}}],"inLanguage":"it-IT"}]}},"_links":{"self":[{"href":"https:\/\/www.konsummarkt.com\/it\/wp-json\/wp\/v2\/pages\/433","targetHints":{"allow":["GET"]}}],"collection":[{"href":"https:\/\/www.konsummarkt.com\/it\/wp-json\/wp\/v2\/pages"}],"about":[{"href":"https:\/\/www.konsummarkt.com\/it\/wp-json\/wp\/v2\/types\/page"}],"author":[{"embeddable":true,"href":"https:\/\/www.konsummarkt.com\/it\/wp-json\/wp\/v2\/users\/4"}],"replies":[{"embeddable":true,"href":"https:\/\/www.konsummarkt.com\/it\/wp-json\/wp\/v2\/comments?post=433"}],"version-history":[{"count":3,"href":"https:\/\/www.konsummarkt.com\/it\/wp-json\/wp\/v2\/pages\/433\/revisions"}],"predecessor-version":[{"id":629,"href":"https:\/\/www.konsummarkt.com\/it\/wp-json\/wp\/v2\/pages\/433\/revisions\/629"}],"up":[{"embeddable":true,"href":"https:\/\/www.konsummarkt.com\/it\/wp-json\/wp\/v2\/pages\/356"}],"wp:attachment":[{"href":"https:\/\/www.konsummarkt.com\/it\/wp-json\/wp\/v2\/media?parent=433"}],"curies":[{"name":"wp","href":"https:\/\/api.w.org\/{rel}","templated":true}]}}