{"id":437,"date":"2017-10-23T18:43:21","date_gmt":"2017-10-23T16:43:21","guid":{"rendered":"https:\/\/www.konsummarkt.com\/?page_id=437"},"modified":"2018-06-23T08:38:41","modified_gmt":"2018-06-23T06:38:41","slug":"qualita","status":"publish","type":"page","link":"https:\/\/www.konsummarkt.com\/it\/qualita\/","title":{"rendered":"Qualit\u00e0"},"content":{"rendered":"<h2>Qualit\u00e0<\/h2>\n<h3>Puntiamo sulla qualit\u00e0 e su prezzi ragionevoli<\/h3>\n<p>Qualit\u00e0 e freschezza dei prodotti sono ci\u00f2 che contraddistinguono la famiglia cooperativa Konsum Markt. Siamo particolarmente orgogliosi di esporre nel nostro reparto alimentari il seguente assortimento:<\/p>\n<p><strong>\u2022 alimenti tipici di piccole aziende locali tradizionali<\/strong> (ad es. speck, carne e salumi della macelleria Silbernagl, pane e farinacei della panetteria-pasticceria Burgauner, cioccolata della manifattura Oberh\u00f6ller\u2026);<br \/>\n\u2022 prodotti locali direttamente dai <strong>nostri contadini,<\/strong> tra cui una variet\u00e0 di merci con il sigillo di qualit\u00e0 \u201cGallo Rosso\u201d (ad es. frutta e verdura, carni e salumi, confetture di frutta, miele, vini, distillati, aceto, uova di galline allevate a terra, miscele d\u2019erbe, succhi, sciroppi, frutta secca\u2026);<br \/>\n<strong>\u2022 prodotti regionali<\/strong> di cooperative e aziende (latte, vino, mele, grappa dell\u2019Alto Adige, \u2026);<br \/>\n\u2022 i prodotti a <strong>marchio COOP,<\/strong> leader del mercato in Italia;<br \/>\n\u2022 una vasta linea <strong>biologica;<\/strong><br \/>\n\u2022 una variopinta gamma di articoli provenienti dal <strong>mercato equo e solidale;<\/strong><br \/>\n\u2022 prodotti di nicchia come alimenti <strong>senza glutine e senza lattosio;<\/strong><br \/>\n<strong>\u2022 specialit\u00e0, idee regalo, particolarit\u00e0 e rarit\u00e0, prevalentemente provenienti dall\u2019Alto Adige.<\/strong><\/p>\n","protected":false},"excerpt":{"rendered":"<p>Qualit\u00e0 Puntiamo sulla qualit\u00e0 e su prezzi ragionevoli Qualit\u00e0 e freschezza dei prodotti sono ci\u00f2 che contraddistinguono la famiglia cooperativa Konsum Markt. Siamo particolarmente orgogliosi di esporre nel nostro reparto alimentari il seguente assortimento: \u2022 alimenti tipici di piccole aziende locali tradizionali (ad es. speck, carne e salumi della macelleria Silbernagl, pane e farinacei della [&hellip;]<\/p>\n","protected":false},"author":4,"featured_media":0,"parent":0,"menu_order":0,"comment_status":"closed","ping_status":"closed","template":"","meta":{"_acf_changed":false,"footnotes":""},"class_list":["post-437","page","type-page","status-publish","hentry"],"acf":[],"yoast_head":"<!-- This site is optimized with the Yoast SEO plugin v26.6 - https:\/\/yoast.com\/wordpress\/plugins\/seo\/ -->\n<title>Qualit\u00e0 - Konsummarkt<\/title>\n<meta name=\"robots\" content=\"index, follow, max-snippet:-1, max-image-preview:large, max-video-preview:-1\" \/>\n<link rel=\"canonical\" href=\"https:\/\/www.konsummarkt.com\/it\/qualita\/\" \/>\n<meta property=\"og:locale\" content=\"it_IT\" \/>\n<meta property=\"og:type\" content=\"article\" \/>\n<meta property=\"og:title\" content=\"Qualit\u00e0 - Konsummarkt\" \/>\n<meta property=\"og:description\" content=\"Qualit\u00e0 Puntiamo sulla qualit\u00e0 e su prezzi ragionevoli Qualit\u00e0 e freschezza dei prodotti sono ci\u00f2 che contraddistinguono la famiglia cooperativa Konsum Markt. Siamo particolarmente orgogliosi di esporre nel nostro reparto alimentari il seguente assortimento: \u2022 alimenti tipici di piccole aziende locali tradizionali (ad es. speck, carne e salumi della macelleria Silbernagl, pane e farinacei della [&hellip;]\" \/>\n<meta property=\"og:url\" content=\"https:\/\/www.konsummarkt.com\/it\/qualita\/\" \/>\n<meta property=\"og:site_name\" content=\"Konsummarkt\" \/>\n<meta property=\"article:modified_time\" content=\"2018-06-23T06:38:41+00:00\" \/>\n<meta name=\"twitter:card\" content=\"summary_large_image\" \/>\n<meta name=\"twitter:label1\" content=\"Tempo di lettura stimato\" \/>\n\t<meta name=\"twitter:data1\" content=\"1 minuto\" \/>\n<script type=\"application\/ld+json\" class=\"yoast-schema-graph\">{\"@context\":\"https:\/\/schema.org\",\"@graph\":[{\"@type\":\"WebPage\",\"@id\":\"https:\/\/www.konsummarkt.com\/it\/qualita\/\",\"url\":\"https:\/\/www.konsummarkt.com\/it\/qualita\/\",\"name\":\"Qualit\u00e0 - Konsummarkt\",\"isPartOf\":{\"@id\":\"https:\/\/www.konsummarkt.com\/it\/#website\"},\"datePublished\":\"2017-10-23T16:43:21+00:00\",\"dateModified\":\"2018-06-23T06:38:41+00:00\",\"breadcrumb\":{\"@id\":\"https:\/\/www.konsummarkt.com\/it\/qualita\/#breadcrumb\"},\"inLanguage\":\"it-IT\",\"potentialAction\":[{\"@type\":\"ReadAction\",\"target\":[\"https:\/\/www.konsummarkt.com\/it\/qualita\/\"]}]},{\"@type\":\"BreadcrumbList\",\"@id\":\"https:\/\/www.konsummarkt.com\/it\/qualita\/#breadcrumb\",\"itemListElement\":[{\"@type\":\"ListItem\",\"position\":1,\"name\":\"Startseite\",\"item\":\"https:\/\/www.konsummarkt.com\/it\/\"},{\"@type\":\"ListItem\",\"position\":2,\"name\":\"Qualit\u00e0\"}]},{\"@type\":\"WebSite\",\"@id\":\"https:\/\/www.konsummarkt.com\/it\/#website\",\"url\":\"https:\/\/www.konsummarkt.com\/it\/\",\"name\":\"Konsummarkt\",\"description\":\"\",\"potentialAction\":[{\"@type\":\"SearchAction\",\"target\":{\"@type\":\"EntryPoint\",\"urlTemplate\":\"https:\/\/www.konsummarkt.com\/it\/?s={search_term_string}\"},\"query-input\":{\"@type\":\"PropertyValueSpecification\",\"valueRequired\":true,\"valueName\":\"search_term_string\"}}],\"inLanguage\":\"it-IT\"}]}<\/script>\n<!-- \/ Yoast SEO plugin. -->","yoast_head_json":{"title":"Qualit\u00e0 - Konsummarkt","robots":{"index":"index","follow":"follow","max-snippet":"max-snippet:-1","max-image-preview":"max-image-preview:large","max-video-preview":"max-video-preview:-1"},"canonical":"https:\/\/www.konsummarkt.com\/it\/qualita\/","og_locale":"it_IT","og_type":"article","og_title":"Qualit\u00e0 - Konsummarkt","og_description":"Qualit\u00e0 Puntiamo sulla qualit\u00e0 e su prezzi ragionevoli Qualit\u00e0 e freschezza dei prodotti sono ci\u00f2 che contraddistinguono la famiglia cooperativa Konsum Markt. Siamo particolarmente orgogliosi di esporre nel nostro reparto alimentari il seguente assortimento: \u2022 alimenti tipici di piccole aziende locali tradizionali (ad es. speck, carne e salumi della macelleria Silbernagl, pane e farinacei della [&hellip;]","og_url":"https:\/\/www.konsummarkt.com\/it\/qualita\/","og_site_name":"Konsummarkt","article_modified_time":"2018-06-23T06:38:41+00:00","twitter_card":"summary_large_image","twitter_misc":{"Tempo di lettura stimato":"1 minuto"},"schema":{"@context":"https:\/\/schema.org","@graph":[{"@type":"WebPage","@id":"https:\/\/www.konsummarkt.com\/it\/qualita\/","url":"https:\/\/www.konsummarkt.com\/it\/qualita\/","name":"Qualit\u00e0 - Konsummarkt","isPartOf":{"@id":"https:\/\/www.konsummarkt.com\/it\/#website"},"datePublished":"2017-10-23T16:43:21+00:00","dateModified":"2018-06-23T06:38:41+00:00","breadcrumb":{"@id":"https:\/\/www.konsummarkt.com\/it\/qualita\/#breadcrumb"},"inLanguage":"it-IT","potentialAction":[{"@type":"ReadAction","target":["https:\/\/www.konsummarkt.com\/it\/qualita\/"]}]},{"@type":"BreadcrumbList","@id":"https:\/\/www.konsummarkt.com\/it\/qualita\/#breadcrumb","itemListElement":[{"@type":"ListItem","position":1,"name":"Startseite","item":"https:\/\/www.konsummarkt.com\/it\/"},{"@type":"ListItem","position":2,"name":"Qualit\u00e0"}]},{"@type":"WebSite","@id":"https:\/\/www.konsummarkt.com\/it\/#website","url":"https:\/\/www.konsummarkt.com\/it\/","name":"Konsummarkt","description":"","potentialAction":[{"@type":"SearchAction","target":{"@type":"EntryPoint","urlTemplate":"https:\/\/www.konsummarkt.com\/it\/?s={search_term_string}"},"query-input":{"@type":"PropertyValueSpecification","valueRequired":true,"valueName":"search_term_string"}}],"inLanguage":"it-IT"}]}},"_links":{"self":[{"href":"https:\/\/www.konsummarkt.com\/it\/wp-json\/wp\/v2\/pages\/437","targetHints":{"allow":["GET"]}}],"collection":[{"href":"https:\/\/www.konsummarkt.com\/it\/wp-json\/wp\/v2\/pages"}],"about":[{"href":"https:\/\/www.konsummarkt.com\/it\/wp-json\/wp\/v2\/types\/page"}],"author":[{"embeddable":true,"href":"https:\/\/www.konsummarkt.com\/it\/wp-json\/wp\/v2\/users\/4"}],"replies":[{"embeddable":true,"href":"https:\/\/www.konsummarkt.com\/it\/wp-json\/wp\/v2\/comments?post=437"}],"version-history":[{"count":4,"href":"https:\/\/www.konsummarkt.com\/it\/wp-json\/wp\/v2\/pages\/437\/revisions"}],"predecessor-version":[{"id":599,"href":"https:\/\/www.konsummarkt.com\/it\/wp-json\/wp\/v2\/pages\/437\/revisions\/599"}],"wp:attachment":[{"href":"https:\/\/www.konsummarkt.com\/it\/wp-json\/wp\/v2\/media?parent=437"}],"curies":[{"name":"wp","href":"https:\/\/api.w.org\/{rel}","templated":true}]}}