{"id":447,"date":"2017-10-23T18:46:23","date_gmt":"2017-10-23T16:46:23","guid":{"rendered":"https:\/\/www.konsummarkt.com\/?page_id=447"},"modified":"2025-01-07T11:59:29","modified_gmt":"2025-01-07T10:59:29","slug":"panetteria","status":"publish","type":"page","link":"https:\/\/www.konsummarkt.com\/it\/panetteria\/","title":{"rendered":"Panetteria"},"content":{"rendered":"<h2>Panetteria Pasticceria Burgauner<\/h2>\n<p>di Christian Burgauner &amp; Co SAS<\/p>\n<h3><strong>Il piacere ha un nome<\/strong><\/h3>\n<p>Da oltre 200 anni il nome <a href=\"http:\/\/burgauner.eu\/\" target=\"_blank\" rel=\"noopener\">Burgauner<\/a> \u00e8 sinonimo di qualit\u00e0 e freschezza nella panificazione e pasticceria. Materie prime e ingredienti di prima qualit\u00e0 garantiscono una produzione ottimale del pane e assicurano la soddisfazione dei nostri numerosi clienti nel commercio all&#8217;ingrosso, nella ristorazione e nel settore privato.<\/p>\n<h3><strong>Storia della panetteria del paese<\/strong><\/h3>\n<p>La panetteria e pasticceria Burgauner \u00e8 stata menzionata per la prima volta nel 1807, diventando cos\u00ec una delle panetterie pi\u00f9 antiche dell&#8217;Alto Adige e anche la pi\u00f9 longeva azienda familiare del paese.<\/p>\n<p>Grazie alla tradizione familiare che dura da secoli (alcune ricette risalgono a quel periodo e non sono mai state modificate), l&#8217;azienda Burgauner \u00e8 in grado di garantire e mantenere questo elevato standard qualitativo, non da ultimo grazie ai dipendenti qualificati. Fin dall&#8217;inizio, impieghiamo solo personale locale che si identifica con l&#8217;azienda, la nostra comunit\u00e0 e la cultura.<\/p>\n<h3><strong>Prodotti di qualit\u00e0<\/strong><\/h3>\n<p>Inizialmente erano disponibili solo pochi tipi di pane. Con l&#8217;aumento del turismo, la nostra offerta \u00e8 stata ampliata costantemente e la pasticceria \u00e8 stata integrata nell&#8217;attivit\u00e0.<\/p>\n<p>Oggi prepariamo quotidianamente oltre 150 tipi di pane e panini freschi, tra cui specialit\u00e0 tipiche altoatesine come Vinschger, Sch\u00fcttelbrot e Vorschlag, variet\u00e0 di pane bianco italiano come Mantovane, Pane Toscano, Pane Pugliese e, soprattutto, un ampio assortimento di pane e panini integrali e speciali.<\/p>\n<p>La nostra pasticceria vi delizier\u00e0 con deliziosi prodotti a base di pasta sfoglia e pasta brioche, strudel di mele, torte al forno, fette di frutta, biscotti, rotoli, torte e molto altro.<\/p>\n<p>Inoltre, offriamo una vasta gamma di prodotti stagionali e dolci natalizi, come i coniglietti e le galline per Ognissanti per i bambini, il Fochatz per Pasqua, Zelten, Stollen e molti altri.<\/p>\n","protected":false},"excerpt":{"rendered":"<p>Panetteria Pasticceria Burgauner di Christian Burgauner &amp; Co SAS Il piacere ha un nome Da oltre 200 anni il nome Burgauner \u00e8 sinonimo di qualit\u00e0 e freschezza nella panificazione e pasticceria. Materie prime e ingredienti di prima qualit\u00e0 garantiscono una produzione ottimale del pane e assicurano la soddisfazione dei nostri numerosi clienti nel commercio all&#8217;ingrosso, [&hellip;]<\/p>\n","protected":false},"author":4,"featured_media":0,"parent":0,"menu_order":0,"comment_status":"closed","ping_status":"closed","template":"","meta":{"_acf_changed":false,"footnotes":""},"class_list":["post-447","page","type-page","status-publish","hentry"],"acf":[],"yoast_head":"<!-- This site is optimized with the Yoast SEO plugin v26.6 - https:\/\/yoast.com\/wordpress\/plugins\/seo\/ -->\n<title>Panetteria - Konsummarkt<\/title>\n<meta name=\"description\" content=\"panetteria e pasticceria\" \/>\n<meta name=\"robots\" content=\"index, follow, max-snippet:-1, max-image-preview:large, max-video-preview:-1\" \/>\n<link rel=\"canonical\" href=\"https:\/\/www.konsummarkt.com\/it\/panetteria\/\" \/>\n<meta property=\"og:locale\" content=\"it_IT\" \/>\n<meta property=\"og:type\" content=\"article\" \/>\n<meta property=\"og:title\" content=\"Panetteria - Konsummarkt\" \/>\n<meta property=\"og:description\" content=\"panetteria e pasticceria\" \/>\n<meta property=\"og:url\" content=\"https:\/\/www.konsummarkt.com\/it\/panetteria\/\" \/>\n<meta property=\"og:site_name\" content=\"Konsummarkt\" \/>\n<meta property=\"article:modified_time\" content=\"2025-01-07T10:59:29+00:00\" \/>\n<meta name=\"twitter:card\" content=\"summary_large_image\" \/>\n<meta name=\"twitter:label1\" content=\"Tempo di lettura stimato\" \/>\n\t<meta name=\"twitter:data1\" content=\"2 minuti\" \/>\n<script type=\"application\/ld+json\" class=\"yoast-schema-graph\">{\"@context\":\"https:\/\/schema.org\",\"@graph\":[{\"@type\":\"WebPage\",\"@id\":\"https:\/\/www.konsummarkt.com\/it\/panetteria\/\",\"url\":\"https:\/\/www.konsummarkt.com\/it\/panetteria\/\",\"name\":\"Panetteria - Konsummarkt\",\"isPartOf\":{\"@id\":\"https:\/\/www.konsummarkt.com\/it\/#website\"},\"datePublished\":\"2017-10-23T16:46:23+00:00\",\"dateModified\":\"2025-01-07T10:59:29+00:00\",\"description\":\"panetteria e pasticceria\",\"breadcrumb\":{\"@id\":\"https:\/\/www.konsummarkt.com\/it\/panetteria\/#breadcrumb\"},\"inLanguage\":\"it-IT\",\"potentialAction\":[{\"@type\":\"ReadAction\",\"target\":[\"https:\/\/www.konsummarkt.com\/it\/panetteria\/\"]}]},{\"@type\":\"BreadcrumbList\",\"@id\":\"https:\/\/www.konsummarkt.com\/it\/panetteria\/#breadcrumb\",\"itemListElement\":[{\"@type\":\"ListItem\",\"position\":1,\"name\":\"Startseite\",\"item\":\"https:\/\/www.konsummarkt.com\/it\/\"},{\"@type\":\"ListItem\",\"position\":2,\"name\":\"Panetteria\"}]},{\"@type\":\"WebSite\",\"@id\":\"https:\/\/www.konsummarkt.com\/it\/#website\",\"url\":\"https:\/\/www.konsummarkt.com\/it\/\",\"name\":\"Konsummarkt\",\"description\":\"\",\"potentialAction\":[{\"@type\":\"SearchAction\",\"target\":{\"@type\":\"EntryPoint\",\"urlTemplate\":\"https:\/\/www.konsummarkt.com\/it\/?s={search_term_string}\"},\"query-input\":{\"@type\":\"PropertyValueSpecification\",\"valueRequired\":true,\"valueName\":\"search_term_string\"}}],\"inLanguage\":\"it-IT\"}]}<\/script>\n<!-- \/ Yoast SEO plugin. -->","yoast_head_json":{"title":"Panetteria - Konsummarkt","description":"panetteria e pasticceria","robots":{"index":"index","follow":"follow","max-snippet":"max-snippet:-1","max-image-preview":"max-image-preview:large","max-video-preview":"max-video-preview:-1"},"canonical":"https:\/\/www.konsummarkt.com\/it\/panetteria\/","og_locale":"it_IT","og_type":"article","og_title":"Panetteria - Konsummarkt","og_description":"panetteria e pasticceria","og_url":"https:\/\/www.konsummarkt.com\/it\/panetteria\/","og_site_name":"Konsummarkt","article_modified_time":"2025-01-07T10:59:29+00:00","twitter_card":"summary_large_image","twitter_misc":{"Tempo di lettura stimato":"2 minuti"},"schema":{"@context":"https:\/\/schema.org","@graph":[{"@type":"WebPage","@id":"https:\/\/www.konsummarkt.com\/it\/panetteria\/","url":"https:\/\/www.konsummarkt.com\/it\/panetteria\/","name":"Panetteria - Konsummarkt","isPartOf":{"@id":"https:\/\/www.konsummarkt.com\/it\/#website"},"datePublished":"2017-10-23T16:46:23+00:00","dateModified":"2025-01-07T10:59:29+00:00","description":"panetteria e pasticceria","breadcrumb":{"@id":"https:\/\/www.konsummarkt.com\/it\/panetteria\/#breadcrumb"},"inLanguage":"it-IT","potentialAction":[{"@type":"ReadAction","target":["https:\/\/www.konsummarkt.com\/it\/panetteria\/"]}]},{"@type":"BreadcrumbList","@id":"https:\/\/www.konsummarkt.com\/it\/panetteria\/#breadcrumb","itemListElement":[{"@type":"ListItem","position":1,"name":"Startseite","item":"https:\/\/www.konsummarkt.com\/it\/"},{"@type":"ListItem","position":2,"name":"Panetteria"}]},{"@type":"WebSite","@id":"https:\/\/www.konsummarkt.com\/it\/#website","url":"https:\/\/www.konsummarkt.com\/it\/","name":"Konsummarkt","description":"","potentialAction":[{"@type":"SearchAction","target":{"@type":"EntryPoint","urlTemplate":"https:\/\/www.konsummarkt.com\/it\/?s={search_term_string}"},"query-input":{"@type":"PropertyValueSpecification","valueRequired":true,"valueName":"search_term_string"}}],"inLanguage":"it-IT"}]}},"_links":{"self":[{"href":"https:\/\/www.konsummarkt.com\/it\/wp-json\/wp\/v2\/pages\/447","targetHints":{"allow":["GET"]}}],"collection":[{"href":"https:\/\/www.konsummarkt.com\/it\/wp-json\/wp\/v2\/pages"}],"about":[{"href":"https:\/\/www.konsummarkt.com\/it\/wp-json\/wp\/v2\/types\/page"}],"author":[{"embeddable":true,"href":"https:\/\/www.konsummarkt.com\/it\/wp-json\/wp\/v2\/users\/4"}],"replies":[{"embeddable":true,"href":"https:\/\/www.konsummarkt.com\/it\/wp-json\/wp\/v2\/comments?post=447"}],"version-history":[{"count":6,"href":"https:\/\/www.konsummarkt.com\/it\/wp-json\/wp\/v2\/pages\/447\/revisions"}],"predecessor-version":[{"id":1281,"href":"https:\/\/www.konsummarkt.com\/it\/wp-json\/wp\/v2\/pages\/447\/revisions\/1281"}],"wp:attachment":[{"href":"https:\/\/www.konsummarkt.com\/it\/wp-json\/wp\/v2\/media?parent=447"}],"curies":[{"name":"wp","href":"https:\/\/api.w.org\/{rel}","templated":true}]}}