{"id":449,"date":"2017-10-23T18:46:57","date_gmt":"2017-10-23T16:46:57","guid":{"rendered":"https:\/\/www.konsummarkt.com\/?page_id=449"},"modified":"2025-01-07T11:25:39","modified_gmt":"2025-01-07T10:25:39","slug":"macelleria","status":"publish","type":"page","link":"https:\/\/www.konsummarkt.com\/it\/macelleria\/","title":{"rendered":"Macelleria"},"content":{"rendered":"<h2>Macelleria Gruber di Gruber Werner<\/h2>\n<figure id=\"post-750 media-750\" class=\"align-none\"><a href=\"https:\/\/www.konsummarkt.com\/wp-content\/uploads\/2020\/01\/IMG_8934.jpg\" data-lightbox=\"content\" data-title=\"\"><img loading=\"lazy\" decoding=\"async\" class=\"alignleft\" src=\"https:\/\/www.konsummarkt.com\/wp-content\/uploads\/2020\/01\/IMG_8934.jpg\" alt=\"Werner Gruber setzt auf einheimisches Fleisch.\" width=\"251\" height=\"377\" \/><\/a><\/figure>\n<p>A partire da giugno 2020, la <strong><a href=\"https:\/\/metzgerei-gruber.com\/\" target=\"_blank\" rel=\"noopener\">Macelleria Gruber<\/a><\/strong> ha iniziato la sua attivit\u00e0 presso il Consumo Market di Castelrotto e da allora offre ai suoi clienti gustose specialit\u00e0 di salsicce e speck di produzione propria, oltre alla carne di qualit\u00e0 regionale. Qui la storia dell&#8217;azienda e alcune informazioni:<\/p>\n<h3><strong>Macelleria Gruber<\/strong> \u2013 Questo nome rappresenta la migliore qualit\u00e0, prodotti locali e l&#8217;artigianato tradizionale della macelleria dell&#8217;Alto Adige.<\/h3>\n<h3><strong>Storia<\/strong><\/h3>\n<p>Nel 1993, Lorenz Gruber apr\u00ec un piccolo negozio di macelleria a Ortisei in Val Gardena, dove in pochi metri quadrati trovavano spazio la produzione e la vendita. Qui, il macellaio insieme a sua moglie Marianna, con molta passione e determinazione, soddisfacevano le richieste dei clienti, fino ad oggi.<\/p>\n<p>Nel 1998, la produzione fu trasferita alla fattoria di Villandro. Ora ogni prodotto che passava al banco veniva prodotto internamente. Da quel momento, l&#8217;azienda Gruber \u00e8 diventata una realt\u00e0 riconosciuta a livello europeo.<\/p>\n<p>Nel 2005, l\u2019impianto di produzione \u00e8 stato ampliato per soddisfare le richieste di grossisti, ristorazione e clienti privati e per moltiplicare la variet\u00e0 dei prodotti offerti.<\/p>\n<p>Nel 2008, il figlio Werner, che condivide con il padre la stessa passione per l&#8217;arte della macelleria, vince il campionato provinciale di macelleria in Alto Adige.<\/p>\n<p>Nel 2013 vengono aperti negozi a Merano e nel 2015 a Laces.<\/p>\n<p>Nel 2018, lo speck riceve il riconoscimento &#8220;Speck Alto Adige IGP&#8221; e da allora pu\u00f2 fregiarsi di questo nome.<\/p>\n<h3>Filosofia<\/h3>\n<p>Al centro della nostra attivit\u00e0 c&#8217;\u00e8 la produzione, che si basa su tradizioni consolidate, ma anche su nuove idee innovative. La base del nostro successo sono la passione per il mestiere, l&#8217;amore per il prodotto e l&#8217;impegno dei nostri fedeli collaboratori, il cui impegno e ambizione sono la nostra massima priorit\u00e0.<\/p>\n<h3>La nostra carne e i nostri prodotti, il nostro orgoglio!<\/h3>\n<p>La migliore qualit\u00e0 inizia gi\u00e0 con l\u2019allevamento e l\u2019alimentazione degli animali. Questi provengono principalmente dalla stalla della nostra fattoria e da aziende agricole dell&#8217;Alto Adige e delle regioni limitrofe. Tutte le materie prime necessarie vengono selezionate con cura secondo i criteri derivanti dalla nostra lunga esperienza e lavorate secondo i pi\u00f9 alti standard igienici.<br \/>\nLa nostra offerta include ormai pi\u00f9 di 100 diversi prodotti di carne e salumi.<\/p>\n<p>&nbsp;<\/p>\n<p><iframe loading=\"lazy\" title=\"Herstellung von original S\u00fcdtiroler Speck - Bauernspeck aus der Metzgerei Gruber\" width=\"500\" height=\"281\" src=\"https:\/\/www.youtube.com\/embed\/n7pk62R1AX8?feature=oembed\" frameborder=\"0\" allow=\"accelerometer; autoplay; clipboard-write; encrypted-media; gyroscope; picture-in-picture; web-share\" referrerpolicy=\"strict-origin-when-cross-origin\" allowfullscreen><\/iframe><\/p>\n<p>https:\/\/www.speck.it\/hersteller\/metzgereigruber\/<\/p>\n<p>www.speckshop.it<\/p>\n<figure id=\"post-750 media-750\" class=\"align-none\"><\/figure>\n<div class=\"gallery gallery-columns-3\"><figure class=\"gallery-item\"><div class=\"gallery-icon landscape\"><a href=\"https:\/\/www.konsummarkt.com\/wp-content\/uploads\/2020\/08\/IMG_8893.jpg\" data-lightbox=\"content\" data-title=\"\"><img decoding=\"async\" src=\"https:\/\/www.konsummarkt.com\/wp-content\/uploads\/2020\/08\/IMG_8893-500x300.jpg\" class=\"attachment-thumbnail size-thumbnail\" alt=\"\"><\/a><\/div><\/figure><figure class=\"gallery-item\"><div class=\"gallery-icon landscape\"><a href=\"https:\/\/www.konsummarkt.com\/wp-content\/uploads\/2020\/08\/IMG_8880.jpg\" data-lightbox=\"content\" data-title=\"\"><img decoding=\"async\" src=\"https:\/\/www.konsummarkt.com\/wp-content\/uploads\/2020\/08\/IMG_8880-500x300.jpg\" class=\"attachment-thumbnail size-thumbnail\" alt=\"\"><\/a><\/div><\/figure><figure class=\"gallery-item\"><div class=\"gallery-icon landscape\"><a href=\"https:\/\/www.konsummarkt.com\/wp-content\/uploads\/2020\/08\/IMG_8869.jpg\" data-lightbox=\"content\" data-title=\"\"><img decoding=\"async\" src=\"https:\/\/www.konsummarkt.com\/wp-content\/uploads\/2020\/08\/IMG_8869-500x300.jpg\" class=\"attachment-thumbnail size-thumbnail\" alt=\"\"><\/a><\/div><\/figure><figure class=\"gallery-item\"><div class=\"gallery-icon landscape\"><a href=\"https:\/\/www.konsummarkt.com\/wp-content\/uploads\/2020\/08\/IMG_8847.jpg\" data-lightbox=\"content\" data-title=\"\"><img decoding=\"async\" src=\"https:\/\/www.konsummarkt.com\/wp-content\/uploads\/2020\/08\/IMG_8847-500x300.jpg\" class=\"attachment-thumbnail size-thumbnail\" alt=\"\"><\/a><\/div><\/figure><figure class=\"gallery-item\"><div class=\"gallery-icon landscape\"><a href=\"https:\/\/www.konsummarkt.com\/wp-content\/uploads\/2020\/08\/IMG_8821-1.jpg\" data-lightbox=\"content\" data-title=\"\"><img decoding=\"async\" src=\"https:\/\/www.konsummarkt.com\/wp-content\/uploads\/2020\/08\/IMG_8821-1-500x300.jpg\" class=\"attachment-thumbnail size-thumbnail\" alt=\"\"><\/a><\/div><\/figure><figure class=\"gallery-item\"><div class=\"gallery-icon landscape\"><a href=\"https:\/\/www.konsummarkt.com\/wp-content\/uploads\/2020\/08\/IMG_8814.jpg\" data-lightbox=\"content\" data-title=\"\"><img decoding=\"async\" src=\"https:\/\/www.konsummarkt.com\/wp-content\/uploads\/2020\/08\/IMG_8814-500x300.jpg\" class=\"attachment-thumbnail size-thumbnail\" alt=\"\"><\/a><\/div><\/figure><figure class=\"gallery-item\"><div class=\"gallery-icon landscape\"><a href=\"https:\/\/www.konsummarkt.com\/wp-content\/uploads\/2020\/08\/IMG_8730.jpg\" data-lightbox=\"content\" data-title=\"\"><img decoding=\"async\" src=\"https:\/\/www.konsummarkt.com\/wp-content\/uploads\/2020\/08\/IMG_8730-500x300.jpg\" class=\"attachment-thumbnail size-thumbnail\" alt=\"\"><\/a><\/div><\/figure><figure class=\"gallery-item\"><div class=\"gallery-icon landscape\"><a href=\"https:\/\/www.konsummarkt.com\/wp-content\/uploads\/2020\/08\/IMG_8719-1.jpg\" data-lightbox=\"content\" data-title=\"\"><img decoding=\"async\" src=\"https:\/\/www.konsummarkt.com\/wp-content\/uploads\/2020\/08\/IMG_8719-1-500x300.jpg\" class=\"attachment-thumbnail size-thumbnail\" alt=\"\"><\/a><\/div><\/figure><figure class=\"gallery-item\"><div class=\"gallery-icon landscape\"><a href=\"https:\/\/www.konsummarkt.com\/wp-content\/uploads\/2020\/08\/IMG_8705.jpg\" data-lightbox=\"content\" data-title=\"\"><img decoding=\"async\" src=\"https:\/\/www.konsummarkt.com\/wp-content\/uploads\/2020\/08\/IMG_8705-500x300.jpg\" class=\"attachment-thumbnail size-thumbnail\" alt=\"\"><\/a><\/div><\/figure><figure class=\"gallery-item\"><div class=\"gallery-icon landscape\"><a href=\"https:\/\/www.konsummarkt.com\/wp-content\/uploads\/2020\/08\/IMG_8694.jpg\" data-lightbox=\"content\" data-title=\"\"><img decoding=\"async\" src=\"https:\/\/www.konsummarkt.com\/wp-content\/uploads\/2020\/08\/IMG_8694-500x300.jpg\" class=\"attachment-thumbnail size-thumbnail\" alt=\"\"><\/a><\/div><\/figure><figure class=\"gallery-item\"><div class=\"gallery-icon landscape\"><a href=\"https:\/\/www.konsummarkt.com\/wp-content\/uploads\/2020\/08\/IMG_8598.jpg\" data-lightbox=\"content\" data-title=\"\"><img decoding=\"async\" src=\"https:\/\/www.konsummarkt.com\/wp-content\/uploads\/2020\/08\/IMG_8598-500x300.jpg\" class=\"attachment-thumbnail size-thumbnail\" alt=\"\"><\/a><\/div><\/figure><figure class=\"gallery-item\"><div class=\"gallery-icon landscape\"><a href=\"https:\/\/www.konsummarkt.com\/wp-content\/uploads\/2020\/08\/IMG_8610.jpg\" data-lightbox=\"content\" data-title=\"\"><img decoding=\"async\" src=\"https:\/\/www.konsummarkt.com\/wp-content\/uploads\/2020\/08\/IMG_8610-500x300.jpg\" class=\"attachment-thumbnail size-thumbnail\" alt=\"\"><\/a><\/div><\/figure><figure class=\"gallery-item\"><div class=\"gallery-icon landscape\"><a href=\"https:\/\/www.konsummarkt.com\/wp-content\/uploads\/2020\/08\/IMG_8616.jpg\" data-lightbox=\"content\" data-title=\"\"><img decoding=\"async\" src=\"https:\/\/www.konsummarkt.com\/wp-content\/uploads\/2020\/08\/IMG_8616-500x300.jpg\" class=\"attachment-thumbnail size-thumbnail\" alt=\"\"><\/a><\/div><\/figure><figure class=\"gallery-item\"><div class=\"gallery-icon landscape\"><a href=\"https:\/\/www.konsummarkt.com\/wp-content\/uploads\/2020\/08\/IMG_8631.jpg\" data-lightbox=\"content\" data-title=\"\"><img decoding=\"async\" src=\"https:\/\/www.konsummarkt.com\/wp-content\/uploads\/2020\/08\/IMG_8631-500x300.jpg\" class=\"attachment-thumbnail size-thumbnail\" alt=\"\"><\/a><\/div><\/figure><figure class=\"gallery-item\"><div class=\"gallery-icon landscape\"><a href=\"https:\/\/www.konsummarkt.com\/wp-content\/uploads\/2020\/08\/IMG_8638.jpg\" data-lightbox=\"content\" data-title=\"\"><img decoding=\"async\" src=\"https:\/\/www.konsummarkt.com\/wp-content\/uploads\/2020\/08\/IMG_8638-500x300.jpg\" class=\"attachment-thumbnail size-thumbnail\" alt=\"\"><\/a><\/div><\/figure><figure class=\"gallery-item\"><div class=\"gallery-icon landscape\"><a href=\"https:\/\/www.konsummarkt.com\/wp-content\/uploads\/2020\/08\/IMG_8647.jpg\" data-lightbox=\"content\" data-title=\"\"><img decoding=\"async\" src=\"https:\/\/www.konsummarkt.com\/wp-content\/uploads\/2020\/08\/IMG_8647-500x300.jpg\" class=\"attachment-thumbnail size-thumbnail\" alt=\"\"><\/a><\/div><\/figure><figure class=\"gallery-item\"><div class=\"gallery-icon landscape\"><a href=\"https:\/\/www.konsummarkt.com\/wp-content\/uploads\/2020\/08\/IMG_8650.jpg\" data-lightbox=\"content\" data-title=\"\"><img decoding=\"async\" src=\"https:\/\/www.konsummarkt.com\/wp-content\/uploads\/2020\/08\/IMG_8650-500x300.jpg\" class=\"attachment-thumbnail size-thumbnail\" alt=\"\"><\/a><\/div><\/figure><figure class=\"gallery-item\"><div class=\"gallery-icon landscape\"><a href=\"https:\/\/www.konsummarkt.com\/wp-content\/uploads\/2020\/08\/IMG_8667.jpg\" data-lightbox=\"content\" data-title=\"\"><img decoding=\"async\" src=\"https:\/\/www.konsummarkt.com\/wp-content\/uploads\/2020\/08\/IMG_8667-500x300.jpg\" class=\"attachment-thumbnail size-thumbnail\" alt=\"\"><\/a><\/div><\/figure><figure class=\"gallery-item\"><div class=\"gallery-icon landscape\"><a href=\"https:\/\/www.konsummarkt.com\/wp-content\/uploads\/2020\/08\/IMG_8682.jpg\" data-lightbox=\"content\" data-title=\"\"><img decoding=\"async\" src=\"https:\/\/www.konsummarkt.com\/wp-content\/uploads\/2020\/08\/IMG_8682-500x300.jpg\" class=\"attachment-thumbnail size-thumbnail\" alt=\"\"><\/a><\/div><\/figure><figure class=\"gallery-item\"><div class=\"gallery-icon landscape\"><a href=\"https:\/\/www.konsummarkt.com\/wp-content\/uploads\/2020\/08\/IMG_8719.jpg\" data-lightbox=\"content\" data-title=\"\"><img decoding=\"async\" src=\"https:\/\/www.konsummarkt.com\/wp-content\/uploads\/2020\/08\/IMG_8719-500x300.jpg\" class=\"attachment-thumbnail size-thumbnail\" alt=\"\"><\/a><\/div><\/figure><figure class=\"gallery-item\"><div class=\"gallery-icon landscape\"><a href=\"https:\/\/www.konsummarkt.com\/wp-content\/uploads\/2020\/08\/IMG_8821.jpg\" data-lightbox=\"content\" data-title=\"\"><img decoding=\"async\" src=\"https:\/\/www.konsummarkt.com\/wp-content\/uploads\/2020\/08\/IMG_8821-500x300.jpg\" class=\"attachment-thumbnail size-thumbnail\" alt=\"\"><\/a><\/div><\/figure><\/div>\n","protected":false},"excerpt":{"rendered":"<p>Macelleria Gruber di Gruber Werner A partire da giugno 2020, la Macelleria Gruber ha iniziato la sua attivit\u00e0 presso il Consumo Market di Castelrotto e da allora offre ai suoi clienti gustose specialit\u00e0 di salsicce e speck di produzione propria, oltre alla carne di qualit\u00e0 regionale. Qui la storia dell&#8217;azienda e alcune informazioni: Macelleria Gruber [&hellip;]<\/p>\n","protected":false},"author":4,"featured_media":0,"parent":0,"menu_order":7,"comment_status":"closed","ping_status":"closed","template":"","meta":{"_acf_changed":false,"footnotes":""},"class_list":["post-449","page","type-page","status-publish","hentry"],"acf":[],"yoast_head":"<!-- This site is optimized with the Yoast SEO plugin v26.6 - https:\/\/yoast.com\/wordpress\/plugins\/seo\/ -->\n<title>Macelleria - Konsummarkt<\/title>\n<meta name=\"robots\" content=\"index, follow, max-snippet:-1, max-image-preview:large, max-video-preview:-1\" \/>\n<link rel=\"canonical\" href=\"https:\/\/www.konsummarkt.com\/it\/macelleria\/\" \/>\n<meta property=\"og:locale\" content=\"it_IT\" \/>\n<meta property=\"og:type\" content=\"article\" \/>\n<meta property=\"og:title\" content=\"Macelleria - Konsummarkt\" \/>\n<meta property=\"og:description\" content=\"Macelleria Gruber di Gruber Werner A partire da giugno 2020, la Macelleria Gruber ha iniziato la sua attivit\u00e0 presso il Consumo Market di Castelrotto e da allora offre ai suoi clienti gustose specialit\u00e0 di salsicce e speck di produzione propria, oltre alla carne di qualit\u00e0 regionale. Qui la storia dell&#8217;azienda e alcune informazioni: Macelleria Gruber [&hellip;]\" \/>\n<meta property=\"og:url\" content=\"https:\/\/www.konsummarkt.com\/it\/macelleria\/\" \/>\n<meta property=\"og:site_name\" content=\"Konsummarkt\" \/>\n<meta property=\"article:modified_time\" content=\"2025-01-07T10:25:39+00:00\" \/>\n<meta property=\"og:image\" content=\"https:\/\/www.konsummarkt.com\/wp-content\/uploads\/2020\/01\/IMG_8934.jpg\" \/>\n<meta name=\"twitter:card\" content=\"summary_large_image\" \/>\n<meta name=\"twitter:label1\" content=\"Tempo di lettura stimato\" \/>\n\t<meta name=\"twitter:data1\" content=\"3 minuti\" \/>\n<script type=\"application\/ld+json\" class=\"yoast-schema-graph\">{\"@context\":\"https:\/\/schema.org\",\"@graph\":[{\"@type\":\"WebPage\",\"@id\":\"https:\/\/www.konsummarkt.com\/it\/macelleria\/\",\"url\":\"https:\/\/www.konsummarkt.com\/it\/macelleria\/\",\"name\":\"Macelleria - Konsummarkt\",\"isPartOf\":{\"@id\":\"https:\/\/www.konsummarkt.com\/it\/#website\"},\"primaryImageOfPage\":{\"@id\":\"https:\/\/www.konsummarkt.com\/it\/macelleria\/#primaryimage\"},\"image\":{\"@id\":\"https:\/\/www.konsummarkt.com\/it\/macelleria\/#primaryimage\"},\"thumbnailUrl\":\"https:\/\/www.konsummarkt.com\/wp-content\/uploads\/2020\/01\/IMG_8934.jpg\",\"datePublished\":\"2017-10-23T16:46:57+00:00\",\"dateModified\":\"2025-01-07T10:25:39+00:00\",\"breadcrumb\":{\"@id\":\"https:\/\/www.konsummarkt.com\/it\/macelleria\/#breadcrumb\"},\"inLanguage\":\"it-IT\",\"potentialAction\":[{\"@type\":\"ReadAction\",\"target\":[\"https:\/\/www.konsummarkt.com\/it\/macelleria\/\"]}]},{\"@type\":\"ImageObject\",\"inLanguage\":\"it-IT\",\"@id\":\"https:\/\/www.konsummarkt.com\/it\/macelleria\/#primaryimage\",\"url\":\"https:\/\/www.konsummarkt.com\/wp-content\/uploads\/2020\/01\/IMG_8934.jpg\",\"contentUrl\":\"https:\/\/www.konsummarkt.com\/wp-content\/uploads\/2020\/01\/IMG_8934.jpg\"},{\"@type\":\"BreadcrumbList\",\"@id\":\"https:\/\/www.konsummarkt.com\/it\/macelleria\/#breadcrumb\",\"itemListElement\":[{\"@type\":\"ListItem\",\"position\":1,\"name\":\"Startseite\",\"item\":\"https:\/\/www.konsummarkt.com\/it\/\"},{\"@type\":\"ListItem\",\"position\":2,\"name\":\"Macelleria\"}]},{\"@type\":\"WebSite\",\"@id\":\"https:\/\/www.konsummarkt.com\/it\/#website\",\"url\":\"https:\/\/www.konsummarkt.com\/it\/\",\"name\":\"Konsummarkt\",\"description\":\"\",\"potentialAction\":[{\"@type\":\"SearchAction\",\"target\":{\"@type\":\"EntryPoint\",\"urlTemplate\":\"https:\/\/www.konsummarkt.com\/it\/?s={search_term_string}\"},\"query-input\":{\"@type\":\"PropertyValueSpecification\",\"valueRequired\":true,\"valueName\":\"search_term_string\"}}],\"inLanguage\":\"it-IT\"}]}<\/script>\n<!-- \/ Yoast SEO plugin. -->","yoast_head_json":{"title":"Macelleria - Konsummarkt","robots":{"index":"index","follow":"follow","max-snippet":"max-snippet:-1","max-image-preview":"max-image-preview:large","max-video-preview":"max-video-preview:-1"},"canonical":"https:\/\/www.konsummarkt.com\/it\/macelleria\/","og_locale":"it_IT","og_type":"article","og_title":"Macelleria - Konsummarkt","og_description":"Macelleria Gruber di Gruber Werner A partire da giugno 2020, la Macelleria Gruber ha iniziato la sua attivit\u00e0 presso il Consumo Market di Castelrotto e da allora offre ai suoi clienti gustose specialit\u00e0 di salsicce e speck di produzione propria, oltre alla carne di qualit\u00e0 regionale. Qui la storia dell&#8217;azienda e alcune informazioni: Macelleria Gruber [&hellip;]","og_url":"https:\/\/www.konsummarkt.com\/it\/macelleria\/","og_site_name":"Konsummarkt","article_modified_time":"2025-01-07T10:25:39+00:00","og_image":[{"url":"https:\/\/www.konsummarkt.com\/wp-content\/uploads\/2020\/01\/IMG_8934.jpg","type":"","width":"","height":""}],"twitter_card":"summary_large_image","twitter_misc":{"Tempo di lettura stimato":"3 minuti"},"schema":{"@context":"https:\/\/schema.org","@graph":[{"@type":"WebPage","@id":"https:\/\/www.konsummarkt.com\/it\/macelleria\/","url":"https:\/\/www.konsummarkt.com\/it\/macelleria\/","name":"Macelleria - Konsummarkt","isPartOf":{"@id":"https:\/\/www.konsummarkt.com\/it\/#website"},"primaryImageOfPage":{"@id":"https:\/\/www.konsummarkt.com\/it\/macelleria\/#primaryimage"},"image":{"@id":"https:\/\/www.konsummarkt.com\/it\/macelleria\/#primaryimage"},"thumbnailUrl":"https:\/\/www.konsummarkt.com\/wp-content\/uploads\/2020\/01\/IMG_8934.jpg","datePublished":"2017-10-23T16:46:57+00:00","dateModified":"2025-01-07T10:25:39+00:00","breadcrumb":{"@id":"https:\/\/www.konsummarkt.com\/it\/macelleria\/#breadcrumb"},"inLanguage":"it-IT","potentialAction":[{"@type":"ReadAction","target":["https:\/\/www.konsummarkt.com\/it\/macelleria\/"]}]},{"@type":"ImageObject","inLanguage":"it-IT","@id":"https:\/\/www.konsummarkt.com\/it\/macelleria\/#primaryimage","url":"https:\/\/www.konsummarkt.com\/wp-content\/uploads\/2020\/01\/IMG_8934.jpg","contentUrl":"https:\/\/www.konsummarkt.com\/wp-content\/uploads\/2020\/01\/IMG_8934.jpg"},{"@type":"BreadcrumbList","@id":"https:\/\/www.konsummarkt.com\/it\/macelleria\/#breadcrumb","itemListElement":[{"@type":"ListItem","position":1,"name":"Startseite","item":"https:\/\/www.konsummarkt.com\/it\/"},{"@type":"ListItem","position":2,"name":"Macelleria"}]},{"@type":"WebSite","@id":"https:\/\/www.konsummarkt.com\/it\/#website","url":"https:\/\/www.konsummarkt.com\/it\/","name":"Konsummarkt","description":"","potentialAction":[{"@type":"SearchAction","target":{"@type":"EntryPoint","urlTemplate":"https:\/\/www.konsummarkt.com\/it\/?s={search_term_string}"},"query-input":{"@type":"PropertyValueSpecification","valueRequired":true,"valueName":"search_term_string"}}],"inLanguage":"it-IT"}]}},"_links":{"self":[{"href":"https:\/\/www.konsummarkt.com\/it\/wp-json\/wp\/v2\/pages\/449","targetHints":{"allow":["GET"]}}],"collection":[{"href":"https:\/\/www.konsummarkt.com\/it\/wp-json\/wp\/v2\/pages"}],"about":[{"href":"https:\/\/www.konsummarkt.com\/it\/wp-json\/wp\/v2\/types\/page"}],"author":[{"embeddable":true,"href":"https:\/\/www.konsummarkt.com\/it\/wp-json\/wp\/v2\/users\/4"}],"replies":[{"embeddable":true,"href":"https:\/\/www.konsummarkt.com\/it\/wp-json\/wp\/v2\/comments?post=449"}],"version-history":[{"count":9,"href":"https:\/\/www.konsummarkt.com\/it\/wp-json\/wp\/v2\/pages\/449\/revisions"}],"predecessor-version":[{"id":1273,"href":"https:\/\/www.konsummarkt.com\/it\/wp-json\/wp\/v2\/pages\/449\/revisions\/1273"}],"wp:attachment":[{"href":"https:\/\/www.konsummarkt.com\/it\/wp-json\/wp\/v2\/media?parent=449"}],"curies":[{"name":"wp","href":"https:\/\/api.w.org\/{rel}","templated":true}]}}